{"id":4286,"date":"2013-06-03T21:21:47","date_gmt":"2013-06-03T21:21:47","guid":{"rendered":"http:\/\/juliendavid.ca\/en\/adresses-utiles\/"},"modified":"2019-02-13T12:56:24","modified_gmt":"2019-02-13T17:56:24","slug":"adresses-utiles","status":"publish","type":"page","link":"https:\/\/juliendavid.ca\/en\/adresses-utiles\/","title":{"rendered":"Good addresses"},"content":{"rendered":"<p><div  class=\"noo-vc-row row \" style=\"\">\n<div  class=\"noo-vc-col col-md-12 \" ><div   class=\"noo-text-block\" >\n<h3><span style=\"font-size: 16px;\">\u00c0 tous moment dans votre processus d&#8217;achat ou de vente il est bon de faire appel \u00e0 des sp\u00e9cialistes. Voici une liste de professionnels qui pourront vous aider<\/span><\/h3>\n<h3><\/h3>\n\n<\/div>[vc_tta_accordion][vc_tta_section title=&#8221;Architectes&#8221; tab_id=&#8221;1477249712666-404354c7-fdbd&#8221;]<div   class=\"noo-text-block\" >\n<ul>\n<li>Laurent McComber<\/li>\n<\/ul>\n<p>5179, rue Saint-Denis<\/p>\n<p>Montr\u00e9al, Qc, H2J 2M1<br \/>\nT\u00e9l\u00e9phone : 514-948-5669<br \/>\nE-mail :&nbsp;<a href=\"mailto:info@ateliersmc.ca\">info@ateliersmc.ca<\/a><br \/>\n<a href=\"http:\/\/juliendavid.ca\/adresses-utiles\/www.ateliersmc.ca\">www.ateliersmc.ca<\/a><\/p>\n<ul>\n<li>Patrick Ranger<\/li>\n<\/ul>\n<p>Belvedair<br \/>\n4621, Boul. Saint-Laurent<br \/>\nMontr\u00e9al, Qc, H2T 1R2<br \/>\nT\u00e9l\u00e9phone : 514-787-1274 #700<br \/>\nE-mail :&nbsp;<a href=\"mailto:p.ranger@bevedair.ca\">p.ranger@bevedair.ca<\/a><br \/>\n<a href=\"http:\/\/juliendavid.ca\/adresses-utiles\/www.belvedair.ca\">www.belvedair.ca<\/a><\/p>\n\n<\/div>[\/vc_tta_section][vc_tta_section title=&#8221;Movers&#8221; tab_id=&#8221;1477249712737-e4a515ce-ccbd&#8221;]<div   class=\"noo-text-block\" >\n<p>D\u00e9m\u00e9nagement Myette<\/p>\n<p>101-4311, rue Frontenac<br \/>\nMontr\u00e9al, QC, H2H 2M4<br \/>\nT\u00e9l\u00e9phone : 514-800-2149<br \/>\nE-mail :&nbsp;<a href=\"mailto:info@myette.ca\">info@myette.ca<\/a><br \/>\n<a href=\"http:\/\/juliendavid.ca\/adresses-utiles\/www.myette.ca\">www.myette.ca<\/a><\/p>\n\n<\/div>[\/vc_tta_section][vc_tta_section title=&#8221;Inspectors&#8221; tab_id=&#8221;1477249844738-99b4ca9c-6104&#8243;]<div   class=\"noo-text-block\" >\n<ul>\n<li>Zane Paul Remenda<\/li>\n<\/ul>\n<p>Accord Inpection<br \/>\nCell&nbsp;: 514-577-3727<br \/>\nCourriel&nbsp;: <a href=\"mailto:info@accordinspection.com\">info@accordinspection.com<\/a><br \/>\n<a href=\"http:\/\/juliendavid.ca\/adresses-utiles\/www.accordinpection.com\">www.accordinpection.com<\/a><\/p>\n<ul>\n<li>Paul Schmieder<\/li>\n<\/ul>\n<p>Absolute Inc. Home Inspection<\/p>\n<p>Tel . :&nbsp;(514) 502-1050<\/p>\n<p>E-mail :&nbsp;<a href=\"mailto:chcpauls@hotmail.com\">chcpauls@hotmail.com<\/a><\/p>\n<p>www.absoluteinchomeinspections.com<\/p>\n<p>&nbsp;<\/p>\n<ul>\n<li>Daniel Lavoie<\/li>\n<\/ul>\n<p>Tandem DL<br \/>\nAdresse&nbsp;: C.P. 89<br \/>\nSte-Marthe-sur-le-Lac, Qc, J0N 1P0<br \/>\nCell&nbsp;: 514-994-0637<br \/>\nE-mail : <a href=\"mailto:tandemdl@viedotron.ca\">tandemdl@viedotron.ca<\/a><\/p>\n\n<\/div>[\/vc_tta_section][vc_tta_section title=&#8221;Notaries&#8221; tab_id=&#8221;1477249886990-3caea8b4-44e0&#8243;]<div   class=\"noo-text-block\" >\n<ul>\n<li>Me&nbsp;Oph\u00e9lie&nbsp;Harbour<\/li>\n<\/ul>\n<p>Adresse&nbsp;: 2000, rue Beaubien Est,<br \/>\nMontr\u00e9al, Quebec,H2G 1M1<br \/>\nT\u00e9l\u00e9phone&nbsp;: 514-303-2444<br \/>\nE-mail : <a href=\"mailto:ophelie@ahnotaires.com\">ophelie@ahnotaires.com<\/a><br \/>\nSite web&nbsp;: <a href=\"http:\/\/www.ahnotaires.com\/\">www.<\/a><a href=\"mailto:ophelie@ahnotaires.com\">ahnotaires.com<\/a><\/p>\n<ul>\n<li>Me Gail Cimon<\/li>\n<\/ul>\n<p>Adresse&nbsp;: 101, boul. St-Joseph<br \/>\nBureau 2<br \/>\nMontr\u00e9al, Quebec, H2T 2P7<br \/>\nT\u00e9l\u00e9phone&nbsp;: 514.270.6148<br \/>\nE-mail : :&nbsp;<a href=\"mailto:gcimon@notarius.net\">gcimon@notarius.net<\/a><\/p>\n\n<\/div>[\/vc_tta_section][vc_tta_section title=&#8221;Renovations&#8221; tab_id=&#8221;1477249928842-ae44cb30-4e3e&#8221;]<div   class=\"noo-text-block\" >\n<ul>\n<li>\u00c9chelle Humaine<\/li>\n<\/ul>\n<p>Montr\u00e9al, Quebec<br \/>\nT\u00e9l\u00e9phone&nbsp;:&nbsp;(514) 303-7366<br \/>\nE-mail : :&nbsp;<a href=\"mailto:contact@echelle-humaine.com\">contact@echelle-humaine.com<\/a><br \/>\n<a href=\"https:\/\/www.echelle-humaine.com\/\">\/www.echelle-humaine.com<\/a><\/p>\n<p>&nbsp;<\/p>\n<ul>\n<ul>\n<li>Les Projets de Nicolas<\/li>\n<\/ul>\n<p>Montr\u00e9al, Quebec<br \/>\nT\u00e9l\u00e9phone&nbsp;:&nbsp;(514) 209-6426<br \/>\nE-mail : :&nbsp;<a href=\"mailto:info@projetsdenicolas.com\">info@projetsdenicolas.com<\/a><br \/>\n<a href=\"http:\/\/www.projetsdenicolas.com\/\">www.projetsdenicolas.com<\/a><\/p>\n<p>&nbsp;<\/p>\n<ul>\n<li>Ecohabitation<\/li>\n<\/ul>\n<p>Montr\u00e9al, Qc<br \/>\nT\u00e9l\u00e9phone : 514-985-0004<br \/>\nE-mail : :&nbsp;<a href=\"mailto:info@ecohabitation.com\">info@ecohabitation.com<\/a><br \/>\n<a href=\"http:\/\/juliendavid.ca\/adresses-utiles\/www.ecohabitation.com\">www.ecohabitation.com<\/a><\/p>\n\n<\/div>[\/vc_tta_section][vc_tta_section title=&#8221;Mortgage brokers&#8221; tab_id=&#8221;1477249953028-20aa3d5c-bba2&#8243;]<div   class=\"noo-text-block\" >\n<ul>\n<li>Julien Chaumont<\/li>\n<\/ul>\n<p>Hypotheca<br \/>\nCell&nbsp;: 514-885-2393<br \/>\nE-mail : : <a href=\"mailto:jchaumont@hypotheca.ca\">jchaumont@hypotheca.ca<\/a><br \/>\nSite web&nbsp;: &nbsp;<a href=\"http:\/\/juliendavid.ca\/adresses-utiles\/jchaumont.hypotheca.ca\">jchaumont.hypotheca.ca<\/a><\/p>\n<ul>\n<li>Aymen Majdoub<\/li>\n<\/ul>\n<p>RBC Banque Royale<br \/>\nAdresse&nbsp;:&nbsp;1951, rue Beaubien Est<br \/>\nMontr\u00e9al, Qc, H2G 1M2<br \/>\nCell : 514-588-8501<br \/>\nE-mail : :&nbsp;<a href=\"mailto:aymen.majdoub@rbc.com\">aymen.majdoub@rbc.com<\/a><br \/>\nService offert&nbsp;:&nbsp;Conseiller en pr\u00eat hypoth\u00e9caire<\/p>\n<p>&nbsp;<\/p>\n<ul>\n<li>St\u00e9phane Daigneault<\/li>\n<\/ul>\n<p>Caisse Populaire Desjardins<br \/>\nAdresse&nbsp;: 7755, boul.. Louis-H. Lafontaine<br \/>\nAnjou, Qc H1K 4M6<br \/>\nCell : 514-777-5443<br \/>\nE-mail : : <a href=\"mailto:stephane.h.daigneault@desjardins.com\">stephane.h.daigneault@desjardins.com<\/a><\/p>\n\n<\/div>[\/vc_tta_section][vc_tta_section title=&#8221;Tests&#8221; tab_id=&#8221;1477249990665-50d7984f-1505&#8243;]<div   class=\"noo-text-block\" >\n<ul>\n<li>Guy Forest \u2013 Jean Gagn\u00e9<\/li>\n<\/ul>\n<p>Multitest<br \/>\n188 de Gentilly O., Longueuil, Qc, J4H 1Z3<br \/>\nT\u00e9l\u00e9phone&nbsp;: 514-990-2063<br \/>\nSite web&nbsp;: <a href=\"http:\/\/www.multitest.ca\/\">www.multitest.ca<\/a><br \/>\nE-mail : : <a href=\"mailto:info@multitest.ca\">info@multitest.ca<\/a><\/p>\n<ul>\n<li>Toitures Ecosphere<\/li>\n<\/ul>\n<p>7363 Rue Boyer, Montr\u00e9al, QC H2R 2R6 \u200e<br \/>\nT\u00e9l\u00e9phone&nbsp;: 438-879-8648<br \/>\nSite web&nbsp;:&nbsp;<a href=\"http:\/\/www.toituresecosphere.com\/\">www.toituresecosphere.com<\/a><br \/>\nE-mail : :&nbsp;<a href=\"mailto:contact@toituresecosphere.com\">contact@toituresecosphere.com<\/a><\/p>\n\n<\/div>[\/vc_tta_section][\/vc_tta_accordion]<\/div>\n<\/div><\/ul>\n","protected":false},"excerpt":{"rendered":"","protected":false},"author":1,"featured_media":0,"parent":0,"menu_order":0,"comment_status":"open","ping_status":"open","template":"","meta":{"_monsterinsights_skip_tracking":false,"_monsterinsights_sitenote_active":false,"_monsterinsights_sitenote_note":"","_monsterinsights_sitenote_category":0,"footnotes":""},"class_list":["post-4286","page","type-page","status-publish","hentry","no-featured"],"_links":{"self":[{"href":"https:\/\/juliendavid.ca\/en\/wp-json\/wp\/v2\/pages\/4286","targetHints":{"allow":["GET"]}}],"collection":[{"href":"https:\/\/juliendavid.ca\/en\/wp-json\/wp\/v2\/pages"}],"about":[{"href":"https:\/\/juliendavid.ca\/en\/wp-json\/wp\/v2\/types\/page"}],"author":[{"embeddable":true,"href":"https:\/\/juliendavid.ca\/en\/wp-json\/wp\/v2\/users\/1"}],"replies":[{"embeddable":true,"href":"https:\/\/juliendavid.ca\/en\/wp-json\/wp\/v2\/comments?post=4286"}],"version-history":[{"count":0,"href":"https:\/\/juliendavid.ca\/en\/wp-json\/wp\/v2\/pages\/4286\/revisions"}],"wp:attachment":[{"href":"https:\/\/juliendavid.ca\/en\/wp-json\/wp\/v2\/media?parent=4286"}],"curies":[{"name":"wp","href":"https:\/\/api.w.org\/{rel}","templated":true}]}}